{"id":180,"date":"2025-11-05T09:24:43","date_gmt":"2025-11-05T12:24:43","guid":{"rendered":"https:\/\/clinicadaaz.com.br\/?page_id=180"},"modified":"2025-11-05T09:24:43","modified_gmt":"2025-11-05T12:24:43","slug":"home-3","status":"publish","type":"page","link":"https:\/\/clinicadaaz.com.br\/","title":{"rendered":"Home"},"content":{"rendered":"\t\t<div data-elementor-type=\"wp-page\" data-elementor-id=\"180\" class=\"elementor elementor-180\">\n\t\t\t\t<div class=\"elementor-element elementor-element-7ca83b2 e-flex e-con-boxed e-con e-parent\" data-id=\"7ca83b2\" data-element_type=\"container\" data-settings=\"{&quot;background_background&quot;:&quot;classic&quot;}\">\n\t\t\t\t\t<div class=\"e-con-inner\">\n\t\t\t\t<div class=\"elementor-element elementor-element-3fbac7e elementor-widget elementor-widget-image\" data-id=\"3fbac7e\" data-element_type=\"widget\" data-widget_type=\"image.default\">\n\t\t\t\t\t\t\t\t\t\t\t\t\t\t\t<img fetchpriority=\"high\" decoding=\"async\" width=\"1001\" height=\"288\" src=\"https:\/\/clinicadaaz.com.br\/wp-content\/uploads\/2025\/11\/daaz-clinica-baner-final.png\" class=\"attachment-large size-large wp-image-167\" alt=\"\" srcset=\"https:\/\/clinicadaaz.com.br\/wp-content\/uploads\/2025\/11\/daaz-clinica-baner-final.png 1001w, https:\/\/clinicadaaz.com.br\/wp-content\/uploads\/2025\/11\/daaz-clinica-baner-final-300x86.png 300w, https:\/\/clinicadaaz.com.br\/wp-content\/uploads\/2025\/11\/daaz-clinica-baner-final-768x221.png 768w\" sizes=\"(max-width: 1001px) 100vw, 1001px\" \/>\t\t\t\t\t\t\t\t\t\t\t\t\t\t\t<\/div>\n\t\t\t\t\t<\/div>\n\t\t\t\t<\/div>\n\t\t<div class=\"elementor-element elementor-element-5f63e72 e-con-full e-flex e-con e-parent\" data-id=\"5f63e72\" data-element_type=\"container\">\n\t\t\t\t<div class=\"elementor-element elementor-element-0ded396 elementor-widget elementor-widget-shortcode\" data-id=\"0ded396\" data-element_type=\"widget\" data-widget_type=\"shortcode.default\">\n\t\t\t\t\t\t\t<div class=\"elementor-shortcode\">  <div class=\"psico-grid psico-uma-coluna\">\n          <article class=\"psico-card pro\">\n        <div class=\"psico-left\">\n          <a class=\"psico-thumb\" href=\"https:\/\/clinicadaaz.com.br\/?psicologo=psicologa-danielina-queli\">\n            <img loading=\"lazy\" decoding=\"async\" width=\"648\" height=\"649\" src=\"https:\/\/clinicadaaz.com.br\/wp-content\/uploads\/2025\/11\/daaz001.png\" class=\"attachment-large size-large wp-post-image\" alt=\"\" loading=\"lazy\" srcset=\"https:\/\/clinicadaaz.com.br\/wp-content\/uploads\/2025\/11\/daaz001.png 648w, https:\/\/clinicadaaz.com.br\/wp-content\/uploads\/2025\/11\/daaz001-300x300.png 300w, https:\/\/clinicadaaz.com.br\/wp-content\/uploads\/2025\/11\/daaz001-150x150.png 150w, https:\/\/clinicadaaz.com.br\/wp-content\/uploads\/2025\/11\/daaz001-600x600.png 600w\" sizes=\"auto, (max-width: 648px) 100vw, 648px\" \/>          <\/a>\n        <\/div>\n\n        <div class=\"psico-main\">\n          <div class=\"psico-top\">\n            <h3 class=\"psico-nome\">\n              <a href=\"https:\/\/clinicadaaz.com.br\/?psicologo=psicologa-danielina-queli\">Psic\u00f3loga Danielina Queli<\/a>\n            <\/h3>\n            <a class=\"btn btn-info\" href=\"https:\/\/clinicadaaz.com.br\/?psicologo=psicologa-danielina-queli\">Saiba Mais<\/a>\n          <\/div>\n\n                      <p class=\"psico-linha2\">Fortaleza - CE | CRP CRP 11\/13046<\/p>\n          \n                      <p class=\"psico-abordagem\">Psican\u00e1lise<\/p>\n          \n          <div class=\"psico-ctas\">\n                          <a class=\"btn btn-primary\" href=\"https:\/\/wa.me\/5585920047873?text=Ol+vim+pela+Daaz+gostaria+de+saber+mais\" target=\"_blank\" rel=\"noopener\">Agendar Online<\/a>\n                                      <a class=\"btn btn-whats\" href=\"https:\/\/wa.me\/5585920047873?text=Ol+vim+pela+Daaz+gostaria+de+saber+mais\" target=\"_blank\" rel=\"noopener\">WhatsApp<\/a>\n                      <\/div>\n\n                      <div class=\"psico-preco\">\n              R$ 75,00 | 50 min            <\/div>\n                  <\/div>\n      <\/article>\n          <article class=\"psico-card pro\">\n        <div class=\"psico-left\">\n          <a class=\"psico-thumb\" href=\"https:\/\/clinicadaaz.com.br\/?psicologo=psicologa-luzia-de-marillac-pessoa-de-queiroz\">\n            <img loading=\"lazy\" decoding=\"async\" width=\"648\" height=\"649\" src=\"https:\/\/clinicadaaz.com.br\/wp-content\/uploads\/2025\/11\/daaz002.png\" class=\"attachment-large size-large wp-post-image\" alt=\"\" loading=\"lazy\" srcset=\"https:\/\/clinicadaaz.com.br\/wp-content\/uploads\/2025\/11\/daaz002.png 648w, https:\/\/clinicadaaz.com.br\/wp-content\/uploads\/2025\/11\/daaz002-300x300.png 300w, https:\/\/clinicadaaz.com.br\/wp-content\/uploads\/2025\/11\/daaz002-150x150.png 150w, https:\/\/clinicadaaz.com.br\/wp-content\/uploads\/2025\/11\/daaz002-600x600.png 600w\" sizes=\"auto, (max-width: 648px) 100vw, 648px\" \/>          <\/a>\n        <\/div>\n\n        <div class=\"psico-main\">\n          <div class=\"psico-top\">\n            <h3 class=\"psico-nome\">\n              <a href=\"https:\/\/clinicadaaz.com.br\/?psicologo=psicologa-luzia-de-marillac-pessoa-de-queiroz\">Psic\u00f3loga Luzia de Marillac Pessoa de Queiroz<\/a>\n            <\/h3>\n            <a class=\"btn btn-info\" href=\"https:\/\/clinicadaaz.com.br\/?psicologo=psicologa-luzia-de-marillac-pessoa-de-queiroz\">Saiba Mais<\/a>\n          <\/div>\n\n                      <p class=\"psico-linha2\">Estado: Erer\u00e9 CE | CRP 11\/16759<\/p>\n          \n                      <p class=\"psico-abordagem\">Terapia Cognitiva Comportamental<\/p>\n          \n          <div class=\"psico-ctas\">\n                          <a class=\"btn btn-primary\" href=\"https:\/\/wa.me\/558888197046?text=Ol+vim+pela+Daaz+gostaria+de+saber+mais\" target=\"_blank\" rel=\"noopener\">Agendar Online<\/a>\n                                      <a class=\"btn btn-whats\" href=\"https:\/\/wa.me\/558888197046?text=Ol+vim+pela+Daaz+gostaria+de+saber+mais\" target=\"_blank\" rel=\"noopener\">WhatsApp<\/a>\n                      <\/div>\n\n                      <div class=\"psico-preco\">\n              R$ 50,00 | 45 min            <\/div>\n                  <\/div>\n      <\/article>\n          <article class=\"psico-card pro\">\n        <div class=\"psico-left\">\n          <a class=\"psico-thumb\" href=\"https:\/\/clinicadaaz.com.br\/?psicologo=psicologa-mayara-falcao-modesto\">\n            <img loading=\"lazy\" decoding=\"async\" width=\"648\" height=\"649\" src=\"https:\/\/clinicadaaz.com.br\/wp-content\/uploads\/2025\/11\/daaz004.png\" class=\"attachment-large size-large wp-post-image\" alt=\"\" loading=\"lazy\" srcset=\"https:\/\/clinicadaaz.com.br\/wp-content\/uploads\/2025\/11\/daaz004.png 648w, https:\/\/clinicadaaz.com.br\/wp-content\/uploads\/2025\/11\/daaz004-300x300.png 300w, https:\/\/clinicadaaz.com.br\/wp-content\/uploads\/2025\/11\/daaz004-150x150.png 150w, https:\/\/clinicadaaz.com.br\/wp-content\/uploads\/2025\/11\/daaz004-600x600.png 600w\" sizes=\"auto, (max-width: 648px) 100vw, 648px\" \/>          <\/a>\n        <\/div>\n\n        <div class=\"psico-main\">\n          <div class=\"psico-top\">\n            <h3 class=\"psico-nome\">\n              <a href=\"https:\/\/clinicadaaz.com.br\/?psicologo=psicologa-mayara-falcao-modesto\">Psic\u00f3loga Mayara Falc\u00e3o Modesto<\/a>\n            <\/h3>\n            <a class=\"btn btn-info\" href=\"https:\/\/clinicadaaz.com.br\/?psicologo=psicologa-mayara-falcao-modesto\">Saiba Mais<\/a>\n          <\/div>\n\n                      <p class=\"psico-linha2\">Hortol\u00e2ndia SP | CRP 06\/217727<\/p>\n          \n                      <p class=\"psico-abordagem\">Terapia Cognitivo-Comportamental (TCC) e Neuropsicologia<\/p>\n          \n          <div class=\"psico-ctas\">\n                          <a class=\"btn btn-primary\" href=\"https:\/\/api.whatsapp.com\/send\/?phone=5519981032380&#038;text=Ol+vim+pela+Daaz+gostaria+de+saber+mais&#038;type=phone_number&#038;app_absent=0\" target=\"_blank\" rel=\"noopener\">Agendar Online<\/a>\n                                      <a class=\"btn btn-whats\" href=\"https:\/\/wa.me\/5519981032380?text=Ol+vim+pela+Daaz+gostaria+de+saber+mais\" target=\"_blank\" rel=\"noopener\">WhatsApp<\/a>\n                      <\/div>\n\n                      <div class=\"psico-preco\">\n              R$ 120 | 50 min            <\/div>\n                  <\/div>\n      <\/article>\n          <article class=\"psico-card pro\">\n        <div class=\"psico-left\">\n          <a class=\"psico-thumb\" href=\"https:\/\/clinicadaaz.com.br\/?psicologo=psicologa-thays-rabelo-paiva\">\n            <img loading=\"lazy\" decoding=\"async\" width=\"648\" height=\"649\" src=\"https:\/\/clinicadaaz.com.br\/wp-content\/uploads\/2025\/11\/thays-diaaz.png\" class=\"attachment-large size-large wp-post-image\" alt=\"\" loading=\"lazy\" srcset=\"https:\/\/clinicadaaz.com.br\/wp-content\/uploads\/2025\/11\/thays-diaaz.png 648w, https:\/\/clinicadaaz.com.br\/wp-content\/uploads\/2025\/11\/thays-diaaz-300x300.png 300w, https:\/\/clinicadaaz.com.br\/wp-content\/uploads\/2025\/11\/thays-diaaz-150x150.png 150w, https:\/\/clinicadaaz.com.br\/wp-content\/uploads\/2025\/11\/thays-diaaz-600x600.png 600w\" sizes=\"auto, (max-width: 648px) 100vw, 648px\" \/>          <\/a>\n        <\/div>\n\n        <div class=\"psico-main\">\n          <div class=\"psico-top\">\n            <h3 class=\"psico-nome\">\n              <a href=\"https:\/\/clinicadaaz.com.br\/?psicologo=psicologa-thays-rabelo-paiva\">Psic\u00f3loga Thays Rabelo Paiva<\/a>\n            <\/h3>\n            <a class=\"btn btn-info\" href=\"https:\/\/clinicadaaz.com.br\/?psicologo=psicologa-thays-rabelo-paiva\">Saiba Mais<\/a>\n          <\/div>\n\n                      <p class=\"psico-linha2\">Fortaleza \/ Ce | CRP 11\/13535<\/p>\n          \n                      <p class=\"psico-abordagem\">Psican\u00e1lise<\/p>\n          \n          <div class=\"psico-ctas\">\n                          <a class=\"btn btn-primary\" href=\"https:\/\/wa.me\/5585999614918?text=Ol+vim+pela+Daaz+gostaria+de+saber+mais\" target=\"_blank\" rel=\"noopener\">Agendar Online<\/a>\n                                      <a class=\"btn btn-whats\" href=\"https:\/\/wa.me\/5585999614918?text=Ol+vim+pela+Daaz+gostaria+de+saber+mais\" target=\"_blank\" rel=\"noopener\">WhatsApp<\/a>\n                      <\/div>\n\n                      <div class=\"psico-preco\">\n              R$ 170,00 | 50 min            <\/div>\n                  <\/div>\n      <\/article>\n          <article class=\"psico-card pro\">\n        <div class=\"psico-left\">\n          <a class=\"psico-thumb\" href=\"https:\/\/clinicadaaz.com.br\/?psicologo=clezia-oliveira-da-silva\">\n            <img loading=\"lazy\" decoding=\"async\" width=\"648\" height=\"649\" src=\"https:\/\/clinicadaaz.com.br\/wp-content\/uploads\/2025\/11\/dazz-psi.png\" class=\"attachment-large size-large wp-post-image\" alt=\"\" loading=\"lazy\" srcset=\"https:\/\/clinicadaaz.com.br\/wp-content\/uploads\/2025\/11\/dazz-psi.png 648w, https:\/\/clinicadaaz.com.br\/wp-content\/uploads\/2025\/11\/dazz-psi-300x300.png 300w, https:\/\/clinicadaaz.com.br\/wp-content\/uploads\/2025\/11\/dazz-psi-150x150.png 150w, https:\/\/clinicadaaz.com.br\/wp-content\/uploads\/2025\/11\/dazz-psi-600x600.png 600w\" sizes=\"auto, (max-width: 648px) 100vw, 648px\" \/>          <\/a>\n        <\/div>\n\n        <div class=\"psico-main\">\n          <div class=\"psico-top\">\n            <h3 class=\"psico-nome\">\n              <a href=\"https:\/\/clinicadaaz.com.br\/?psicologo=clezia-oliveira-da-silva\">Psic\u00f3loga Clezia oliveira da Silva<\/a>\n            <\/h3>\n            <a class=\"btn btn-info\" href=\"https:\/\/clinicadaaz.com.br\/?psicologo=clezia-oliveira-da-silva\">Saiba Mais<\/a>\n          <\/div>\n\n                      <p class=\"psico-linha2\">Maranh\u00e3o | CRP 22\/07438<\/p>\n          \n                      <p class=\"psico-abordagem\">TCC an\u00e1lise do comportamento<\/p>\n          \n          <div class=\"psico-ctas\">\n                          <a class=\"btn btn-primary\" href=\"https:\/\/wa.me\/559981880482?text=Ol+vim+pela+Daaz+gostaria+de+saber+mais\" target=\"_blank\" rel=\"noopener\">Agendar Online<\/a>\n                                      <a class=\"btn btn-whats\" href=\"https:\/\/wa.me\/559981880482?text=Ol+vim+pela+Daaz+gostaria+de+saber+mais\" target=\"_blank\" rel=\"noopener\">WhatsApp<\/a>\n                      <\/div>\n\n                      <div class=\"psico-preco\">\n              R$ 70,00 | 40 min            <\/div>\n                  <\/div>\n      <\/article>\n      <\/div>\n\n  \n  <style>\n  .psico-grid.psico-uma-coluna{\n    display:grid;\n    grid-template-columns:1fr;\n    gap:24px;\n    width:100%;\n    margin:0;\n    padding:0;\n  }\n  .psico-card.pro{\n    display:grid;\n    grid-template-columns:280px 1fr;\n    gap:28px;\n    align-items:center;\n    background:#fff;\n    border:1px solid #e5e7eb;\n    border-radius:18px;\n    box-shadow:0 8px 20px rgba(0,0,0,.05);\n    padding:24px;\n  }\n  @media(max-width:820px){\n    .psico-card.pro{ grid-template-columns:1fr; text-align:center; }\n  }\n  .psico-thumb img{\n    width:100%; height:260px; object-fit:cover; border-radius:12px;\n  }\n  .psico-main{\n    display:flex; flex-direction:column; justify-content:center;\n  }\n  .psico-top{\n    display:flex; align-items:center; justify-content:space-between; flex-wrap:wrap; gap:12px;\n  }\n  .psico-nome{ margin:0; font-size:1.3rem; color:#111827; font-weight:600; }\n  .psico-nome a{ color:inherit; text-decoration:none; }\n  .psico-nome a:hover{ text-decoration:underline; }\n  .psico-linha2{ margin:6px 0 2px; color:#374151; }\n  .psico-abordagem{ margin:0 0 14px; color:#4B5563; font-style:italic; }\n  .psico-ctas{ display:flex; align-items:center; gap:12px; flex-wrap:wrap; }\n  .btn{ display:inline-block; padding:10px 18px; border-radius:999px; text-decoration:none; border:1px solid transparent; transition:.2s; font-weight:500; }\n  .btn-primary{ background:#2563EB; color:#fff; }\n  .btn-primary:hover{ background:#1D4ED8; }\n  .btn-whats{ background:#22C55E; color:#fff; }\n  .btn-whats:hover{ background:#16A34A; }\n  .btn-info{ background:#111827; color:#fff; font-size:.9rem; padding:8px 14px; }\n  .btn-info:hover{ background:#374151; }\n  .psico-preco{ margin-top:10px; font-weight:600; color:#DC2626; }\n  .psico-pagination{ text-align:center; margin-top:24px; }\n  .psico-pagination ul{ list-style:none; padding:0; margin:0; display:inline-flex; gap:8px; flex-wrap:wrap; }\n  .psico-pagination li a,.psico-pagination li span{ display:inline-block; padding:8px 12px; border:1px solid #E5E7EB; border-radius:8px; text-decoration:none; color:#1F2937; }\n  .psico-pagination li span.current{ background:#111827; color:#fff; border-color:#111827; }\n  @media(max-width:480px){\n    .psico-card.pro{ padding:16px; }\n    .btn{ padding:8px 14px; font-size:.9rem; }\n  }\n  <\/style>\n  <\/div>\n\t\t\t\t\t\t<\/div>\n\t\t\t\t<\/div>\n\t\t<div class=\"elementor-element elementor-element-164dc18 e-flex e-con-boxed e-con e-parent\" data-id=\"164dc18\" data-element_type=\"container\">\n\t\t\t\t\t<div class=\"e-con-inner\">\n\t\t\t\t<div class=\"elementor-element elementor-element-3418de9 elementor-widget elementor-widget-text-editor\" data-id=\"3418de9\" data-element_type=\"widget\" data-widget_type=\"text-editor.default\">\n\t\t\t\t\t\t\t\t\t<p><span class=\"wixui-rich-text__text\">ATEN\u00c7\u00c3O: Esse site n\u00e3o oferece tratamento ou aconselhamento imediato para pessoas em crise suicida.\u00a0<\/span><span class=\"wixui-rich-text__text\">Em caso de crise, ligue para\u00a0<a class=\"wixui-rich-text__text\" href=\"tel:188\">188 (CVV)<\/a>\u00a0ou acesse o site\u00a0<a class=\"wixui-rich-text__text\" href=\"https:\/\/www.cvv.org.br\/\" target=\"_blank\" rel=\"noreferrer noopener\">www.cvv.org.br<\/a>\u00a0.\u00a0<\/span><span class=\"wixui-rich-text__text\">Em caso de emerg\u00eancia, procure atendimento no hospital mais pr\u00f3ximo.<\/span><\/p>\t\t\t\t\t\t\t\t<\/div>\n\t\t\t\t\t<\/div>\n\t\t\t\t<\/div>\n\t\t\t\t<\/div>\n\t\t","protected":false},"excerpt":{"rendered":"<p>ATEN\u00c7\u00c3O: Esse site n\u00e3o oferece tratamento ou aconselhamento imediato para pessoas em crise suicida.\u00a0Em caso de crise, ligue para\u00a0188 (CVV)\u00a0ou acesse o site\u00a0www.cvv.org.br\u00a0.\u00a0Em caso de emerg\u00eancia, procure atendimento no hospital mais pr\u00f3ximo.<\/p>\n","protected":false},"author":1,"featured_media":0,"parent":0,"menu_order":0,"comment_status":"closed","ping_status":"closed","template":"","meta":{"_acf_changed":false,"footnotes":""},"class_list":["post-180","page","type-page","status-publish","hentry","entry"],"acf":[],"yoast_head":"<!-- This site is optimized with the Yoast SEO plugin v26.3 - https:\/\/yoast.com\/wordpress\/plugins\/seo\/ -->\n<title>Home - Cl\u00ednica Daaz<\/title>\n<meta name=\"robots\" content=\"index, follow, max-snippet:-1, max-image-preview:large, max-video-preview:-1\" \/>\n<link rel=\"canonical\" href=\"https:\/\/clinicadaaz.com.br\/\" \/>\n<meta property=\"og:locale\" content=\"pt_BR\" \/>\n<meta property=\"og:type\" content=\"article\" \/>\n<meta property=\"og:title\" content=\"Home - Cl\u00ednica Daaz\" \/>\n<meta property=\"og:description\" content=\"ATEN\u00c7\u00c3O: Esse site n\u00e3o oferece tratamento ou aconselhamento imediato para pessoas em crise suicida.\u00a0Em caso de crise, ligue para\u00a0188 (CVV)\u00a0ou acesse o site\u00a0www.cvv.org.br\u00a0.\u00a0Em caso de emerg\u00eancia, procure atendimento no hospital mais pr\u00f3ximo.\" \/>\n<meta property=\"og:url\" content=\"https:\/\/clinicadaaz.com.br\/\" \/>\n<meta property=\"og:site_name\" content=\"Cl\u00ednica Daaz\" \/>\n<meta property=\"og:image\" content=\"https:\/\/clinicadaaz.com.br\/wp-content\/uploads\/2025\/11\/daaz-clinica-baner-final.png\" \/>\n<meta name=\"twitter:card\" content=\"summary_large_image\" \/>\n<meta name=\"twitter:label1\" content=\"Est. tempo de leitura\" \/>\n\t<meta name=\"twitter:data1\" content=\"1 minuto\" \/>\n<script type=\"application\/ld+json\" class=\"yoast-schema-graph\">{\"@context\":\"https:\/\/schema.org\",\"@graph\":[{\"@type\":\"WebPage\",\"@id\":\"https:\/\/clinicadaaz.com.br\/\",\"url\":\"https:\/\/clinicadaaz.com.br\/\",\"name\":\"Home - Cl\u00ednica Daaz\",\"isPartOf\":{\"@id\":\"https:\/\/clinicadaaz.com.br\/#website\"},\"primaryImageOfPage\":{\"@id\":\"https:\/\/clinicadaaz.com.br\/#primaryimage\"},\"image\":{\"@id\":\"https:\/\/clinicadaaz.com.br\/#primaryimage\"},\"thumbnailUrl\":\"https:\/\/clinicadaaz.com.br\/wp-content\/uploads\/2025\/11\/daaz-clinica-baner-final.png\",\"datePublished\":\"2025-11-05T12:24:43+00:00\",\"breadcrumb\":{\"@id\":\"https:\/\/clinicadaaz.com.br\/#breadcrumb\"},\"inLanguage\":\"pt-BR\",\"potentialAction\":[{\"@type\":\"ReadAction\",\"target\":[\"https:\/\/clinicadaaz.com.br\/\"]}]},{\"@type\":\"ImageObject\",\"inLanguage\":\"pt-BR\",\"@id\":\"https:\/\/clinicadaaz.com.br\/#primaryimage\",\"url\":\"https:\/\/clinicadaaz.com.br\/wp-content\/uploads\/2025\/11\/daaz-clinica-baner-final.png\",\"contentUrl\":\"https:\/\/clinicadaaz.com.br\/wp-content\/uploads\/2025\/11\/daaz-clinica-baner-final.png\",\"width\":1001,\"height\":288},{\"@type\":\"BreadcrumbList\",\"@id\":\"https:\/\/clinicadaaz.com.br\/#breadcrumb\",\"itemListElement\":[{\"@type\":\"ListItem\",\"position\":1,\"name\":\"In\u00edcio\",\"item\":\"https:\/\/clinicadaaz.com.br\/\"},{\"@type\":\"ListItem\",\"position\":2,\"name\":\"Home\"}]},{\"@type\":\"WebSite\",\"@id\":\"https:\/\/clinicadaaz.com.br\/#website\",\"url\":\"https:\/\/clinicadaaz.com.br\/\",\"name\":\"Cl\u00ednica Daaz\",\"description\":\"\",\"publisher\":{\"@id\":\"https:\/\/clinicadaaz.com.br\/#organization\"},\"potentialAction\":[{\"@type\":\"SearchAction\",\"target\":{\"@type\":\"EntryPoint\",\"urlTemplate\":\"https:\/\/clinicadaaz.com.br\/?s={search_term_string}\"},\"query-input\":{\"@type\":\"PropertyValueSpecification\",\"valueRequired\":true,\"valueName\":\"search_term_string\"}}],\"inLanguage\":\"pt-BR\"},{\"@type\":\"Organization\",\"@id\":\"https:\/\/clinicadaaz.com.br\/#organization\",\"name\":\"Cl\u00ednica Daaz\",\"url\":\"https:\/\/clinicadaaz.com.br\/\",\"logo\":{\"@type\":\"ImageObject\",\"inLanguage\":\"pt-BR\",\"@id\":\"https:\/\/clinicadaaz.com.br\/#\/schema\/logo\/image\/\",\"url\":\"https:\/\/clinicadaaz.com.br\/wp-content\/uploads\/2025\/11\/cropped-DAAZZLOGO.png\",\"contentUrl\":\"https:\/\/clinicadaaz.com.br\/wp-content\/uploads\/2025\/11\/cropped-DAAZZLOGO.png\",\"width\":370,\"height\":126,\"caption\":\"Cl\u00ednica Daaz\"},\"image\":{\"@id\":\"https:\/\/clinicadaaz.com.br\/#\/schema\/logo\/image\/\"}}]}<\/script>\n<!-- \/ Yoast SEO plugin. -->","yoast_head_json":{"title":"Home - Cl\u00ednica Daaz","robots":{"index":"index","follow":"follow","max-snippet":"max-snippet:-1","max-image-preview":"max-image-preview:large","max-video-preview":"max-video-preview:-1"},"canonical":"https:\/\/clinicadaaz.com.br\/","og_locale":"pt_BR","og_type":"article","og_title":"Home - Cl\u00ednica Daaz","og_description":"ATEN\u00c7\u00c3O: Esse site n\u00e3o oferece tratamento ou aconselhamento imediato para pessoas em crise suicida.\u00a0Em caso de crise, ligue para\u00a0188 (CVV)\u00a0ou acesse o site\u00a0www.cvv.org.br\u00a0.\u00a0Em caso de emerg\u00eancia, procure atendimento no hospital mais pr\u00f3ximo.","og_url":"https:\/\/clinicadaaz.com.br\/","og_site_name":"Cl\u00ednica Daaz","og_image":[{"url":"https:\/\/clinicadaaz.com.br\/wp-content\/uploads\/2025\/11\/daaz-clinica-baner-final.png","type":"","width":"","height":""}],"twitter_card":"summary_large_image","twitter_misc":{"Est. tempo de leitura":"1 minuto"},"schema":{"@context":"https:\/\/schema.org","@graph":[{"@type":"WebPage","@id":"https:\/\/clinicadaaz.com.br\/","url":"https:\/\/clinicadaaz.com.br\/","name":"Home - Cl\u00ednica Daaz","isPartOf":{"@id":"https:\/\/clinicadaaz.com.br\/#website"},"primaryImageOfPage":{"@id":"https:\/\/clinicadaaz.com.br\/#primaryimage"},"image":{"@id":"https:\/\/clinicadaaz.com.br\/#primaryimage"},"thumbnailUrl":"https:\/\/clinicadaaz.com.br\/wp-content\/uploads\/2025\/11\/daaz-clinica-baner-final.png","datePublished":"2025-11-05T12:24:43+00:00","breadcrumb":{"@id":"https:\/\/clinicadaaz.com.br\/#breadcrumb"},"inLanguage":"pt-BR","potentialAction":[{"@type":"ReadAction","target":["https:\/\/clinicadaaz.com.br\/"]}]},{"@type":"ImageObject","inLanguage":"pt-BR","@id":"https:\/\/clinicadaaz.com.br\/#primaryimage","url":"https:\/\/clinicadaaz.com.br\/wp-content\/uploads\/2025\/11\/daaz-clinica-baner-final.png","contentUrl":"https:\/\/clinicadaaz.com.br\/wp-content\/uploads\/2025\/11\/daaz-clinica-baner-final.png","width":1001,"height":288},{"@type":"BreadcrumbList","@id":"https:\/\/clinicadaaz.com.br\/#breadcrumb","itemListElement":[{"@type":"ListItem","position":1,"name":"In\u00edcio","item":"https:\/\/clinicadaaz.com.br\/"},{"@type":"ListItem","position":2,"name":"Home"}]},{"@type":"WebSite","@id":"https:\/\/clinicadaaz.com.br\/#website","url":"https:\/\/clinicadaaz.com.br\/","name":"Cl\u00ednica Daaz","description":"","publisher":{"@id":"https:\/\/clinicadaaz.com.br\/#organization"},"potentialAction":[{"@type":"SearchAction","target":{"@type":"EntryPoint","urlTemplate":"https:\/\/clinicadaaz.com.br\/?s={search_term_string}"},"query-input":{"@type":"PropertyValueSpecification","valueRequired":true,"valueName":"search_term_string"}}],"inLanguage":"pt-BR"},{"@type":"Organization","@id":"https:\/\/clinicadaaz.com.br\/#organization","name":"Cl\u00ednica Daaz","url":"https:\/\/clinicadaaz.com.br\/","logo":{"@type":"ImageObject","inLanguage":"pt-BR","@id":"https:\/\/clinicadaaz.com.br\/#\/schema\/logo\/image\/","url":"https:\/\/clinicadaaz.com.br\/wp-content\/uploads\/2025\/11\/cropped-DAAZZLOGO.png","contentUrl":"https:\/\/clinicadaaz.com.br\/wp-content\/uploads\/2025\/11\/cropped-DAAZZLOGO.png","width":370,"height":126,"caption":"Cl\u00ednica Daaz"},"image":{"@id":"https:\/\/clinicadaaz.com.br\/#\/schema\/logo\/image\/"}}]}},"_links":{"self":[{"href":"https:\/\/clinicadaaz.com.br\/index.php?rest_route=\/wp\/v2\/pages\/180","targetHints":{"allow":["GET"]}}],"collection":[{"href":"https:\/\/clinicadaaz.com.br\/index.php?rest_route=\/wp\/v2\/pages"}],"about":[{"href":"https:\/\/clinicadaaz.com.br\/index.php?rest_route=\/wp\/v2\/types\/page"}],"author":[{"embeddable":true,"href":"https:\/\/clinicadaaz.com.br\/index.php?rest_route=\/wp\/v2\/users\/1"}],"replies":[{"embeddable":true,"href":"https:\/\/clinicadaaz.com.br\/index.php?rest_route=%2Fwp%2Fv2%2Fcomments&post=180"}],"version-history":[{"count":1,"href":"https:\/\/clinicadaaz.com.br\/index.php?rest_route=\/wp\/v2\/pages\/180\/revisions"}],"predecessor-version":[{"id":196,"href":"https:\/\/clinicadaaz.com.br\/index.php?rest_route=\/wp\/v2\/pages\/180\/revisions\/196"}],"wp:attachment":[{"href":"https:\/\/clinicadaaz.com.br\/index.php?rest_route=%2Fwp%2Fv2%2Fmedia&parent=180"}],"curies":[{"name":"wp","href":"https:\/\/api.w.org\/{rel}","templated":true}]}}