{"id":197,"date":"2025-11-05T09:26:17","date_gmt":"2025-11-05T12:26:17","guid":{"rendered":"https:\/\/clinicadaaz.com.br\/?page_id=197"},"modified":"2025-11-05T09:29:02","modified_gmt":"2025-11-05T12:29:02","slug":"home-3-2","status":"publish","type":"page","link":"https:\/\/clinicadaaz.com.br\/?page_id=197","title":{"rendered":"Pol\u00edtica de Privacidade"},"content":{"rendered":"\t\t<div data-elementor-type=\"wp-page\" data-elementor-id=\"197\" class=\"elementor elementor-197\">\n\t\t\t\t<div class=\"elementor-element elementor-element-7ca83b2 e-flex e-con-boxed e-con e-parent\" data-id=\"7ca83b2\" data-element_type=\"container\" data-settings=\"{&quot;background_background&quot;:&quot;classic&quot;}\">\n\t\t\t\t\t<div class=\"e-con-inner\">\n\t\t\t\t<div class=\"elementor-element elementor-element-3fbac7e elementor-widget elementor-widget-image\" data-id=\"3fbac7e\" data-element_type=\"widget\" data-widget_type=\"image.default\">\n\t\t\t\t\t\t\t\t\t\t\t\t\t\t\t<img fetchpriority=\"high\" decoding=\"async\" width=\"1001\" height=\"288\" src=\"https:\/\/clinicadaaz.com.br\/wp-content\/uploads\/2025\/11\/daaz-clinica-baner-final.png\" class=\"attachment-large size-large wp-image-167\" alt=\"\" srcset=\"https:\/\/clinicadaaz.com.br\/wp-content\/uploads\/2025\/11\/daaz-clinica-baner-final.png 1001w, https:\/\/clinicadaaz.com.br\/wp-content\/uploads\/2025\/11\/daaz-clinica-baner-final-300x86.png 300w, https:\/\/clinicadaaz.com.br\/wp-content\/uploads\/2025\/11\/daaz-clinica-baner-final-768x221.png 768w\" sizes=\"(max-width: 1001px) 100vw, 1001px\" \/>\t\t\t\t\t\t\t\t\t\t\t\t\t\t\t<\/div>\n\t\t\t\t\t<\/div>\n\t\t\t\t<\/div>\n\t\t<div class=\"elementor-element elementor-element-d0eaf3d e-flex e-con-boxed e-con e-parent\" data-id=\"d0eaf3d\" data-element_type=\"container\">\n\t\t\t\t\t<div class=\"e-con-inner\">\n\t\t\t\t<div class=\"elementor-element elementor-element-551547e elementor-widget-divider--view-line elementor-widget elementor-widget-divider\" data-id=\"551547e\" data-element_type=\"widget\" data-widget_type=\"divider.default\">\n\t\t\t\t\t\t\t<div class=\"elementor-divider\">\n\t\t\t<span class=\"elementor-divider-separator\">\n\t\t\t\t\t\t<\/span>\n\t\t<\/div>\n\t\t\t\t\t\t<\/div>\n\t\t\t\t\t<\/div>\n\t\t\t\t<\/div>\n\t\t<div class=\"elementor-element elementor-element-8e35042 e-flex e-con-boxed e-con e-parent\" data-id=\"8e35042\" data-element_type=\"container\">\n\t\t\t\t\t<div class=\"e-con-inner\">\n\t\t\t\t<div class=\"elementor-element elementor-element-5644d4c elementor-widget elementor-widget-heading\" data-id=\"5644d4c\" data-element_type=\"widget\" data-widget_type=\"heading.default\">\n\t\t\t\t\t<h2 class=\"elementor-heading-title elementor-size-default\">Pol\u00edtica de Privacidade \u2014 Cl\u00ednica Daaz<\/h2>\t\t\t\t<\/div>\n\t\t\t\t<div class=\"elementor-element elementor-element-d631bb3 elementor-widget elementor-widget-text-editor\" data-id=\"d631bb3\" data-element_type=\"widget\" data-widget_type=\"text-editor.default\">\n\t\t\t\t\t\t\t\t\t<p data-start=\"203\" data-end=\"409\">A sua privacidade \u00e9 importante para n\u00f3s. \u00c9 pol\u00edtica do <strong data-start=\"258\" data-end=\"280\">clinicadaaz.com.br<\/strong> respeitar e proteger qualquer informa\u00e7\u00e3o pessoal que voc\u00ea venha a nos fornecer durante o uso de nossos servi\u00e7os e de nosso site.<\/p><p data-start=\"411\" data-end=\"691\">Solicitamos informa\u00e7\u00f5es pessoais <strong data-start=\"444\" data-end=\"472\">apenas quando necess\u00e1rio<\/strong> para oferecer um atendimento adequado. Todos os dados s\u00e3o coletados de forma \u00e9tica, transparente e com o seu consentimento. Sempre informamos <strong data-start=\"615\" data-end=\"626\">por que<\/strong> estamos coletando e <strong data-start=\"647\" data-end=\"655\">como<\/strong> essas informa\u00e7\u00f5es ser\u00e3o utilizadas.<\/p><p data-start=\"693\" data-end=\"937\">Quando armazenamos dados, utilizamos medidas de seguran\u00e7a adequadas para prevenir <strong data-start=\"775\" data-end=\"841\">acesso indevido, perda, altera\u00e7\u00e3o ou divulga\u00e7\u00e3o n\u00e3o autorizada<\/strong>.<br data-start=\"842\" data-end=\"845\" \/>N\u00e3o compartilhamos dados pessoais com terceiros, exceto quando isso for <strong data-start=\"917\" data-end=\"936\">exigido por lei<\/strong>.<\/p><p data-start=\"939\" data-end=\"1141\">Nosso site pode conter links para sites externos que n\u00e3o s\u00e3o operados por n\u00f3s. N\u00e3o temos controle sobre tais sites e n\u00e3o nos responsabilizamos por suas pr\u00e1ticas de seguran\u00e7a ou pol\u00edticas de privacidade.<\/p><p data-start=\"1143\" data-end=\"1253\">Voc\u00ea pode optar por <strong data-start=\"1163\" data-end=\"1179\">n\u00e3o fornecer<\/strong> dados pessoais, entendendo que alguns servi\u00e7os podem ficar indispon\u00edveis.<\/p><p data-start=\"1255\" data-end=\"1431\">O uso cont\u00ednuo de nosso site ser\u00e1 considerado como <strong data-start=\"1306\" data-end=\"1319\">aceita\u00e7\u00e3o<\/strong> de nossas pr\u00e1ticas de privacidade. Caso tenha d\u00favidas sobre como tratamos seus dados, entre em contato conosco.<\/p>\t\t\t\t\t\t\t\t<\/div>\n\t\t\t\t<div class=\"elementor-element elementor-element-6db544a elementor-widget-divider--view-line elementor-widget elementor-widget-divider\" data-id=\"6db544a\" data-element_type=\"widget\" data-widget_type=\"divider.default\">\n\t\t\t\t\t\t\t<div class=\"elementor-divider\">\n\t\t\t<span class=\"elementor-divider-separator\">\n\t\t\t\t\t\t<\/span>\n\t\t<\/div>\n\t\t\t\t\t\t<\/div>\n\t\t\t\t<div class=\"elementor-element elementor-element-8aa81cc elementor-widget elementor-widget-heading\" data-id=\"8aa81cc\" data-element_type=\"widget\" data-widget_type=\"heading.default\">\n\t\t\t\t\t<h2 class=\"elementor-heading-title elementor-size-default\">\ud83c\udf6a Pol\u00edtica de Cookies<\/h2>\t\t\t\t<\/div>\n\t\t\t\t<div class=\"elementor-element elementor-element-238c441 elementor-widget elementor-widget-text-editor\" data-id=\"238c441\" data-element_type=\"widget\" data-widget_type=\"text-editor.default\">\n\t\t\t\t\t\t\t\t\t<h4 data-start=\"1470\" data-end=\"1493\">O que s\u00e3o Cookies?<\/h4><p data-start=\"1494\" data-end=\"1606\">Cookies s\u00e3o pequenos arquivos armazenados no seu dispositivo que ajudam a melhorar sua experi\u00eancia de navega\u00e7\u00e3o.<\/p><h4 data-start=\"1608\" data-end=\"1640\">Como utilizamos os Cookies?<\/h4><p data-start=\"1641\" data-end=\"1665\">Utilizamos cookies para:<\/p><ul data-start=\"1666\" data-end=\"1816\"><li data-start=\"1666\" data-end=\"1693\"><p data-start=\"1668\" data-end=\"1693\">Lembrar suas prefer\u00eancias<\/p><\/li><li data-start=\"1694\" data-end=\"1724\"><p data-start=\"1696\" data-end=\"1724\">Facilitar processos de login<\/p><\/li><li data-start=\"1725\" data-end=\"1776\"><p data-start=\"1727\" data-end=\"1776\">Analisar o uso do site e melhorar nossos servi\u00e7os<\/p><\/li><li data-start=\"1777\" data-end=\"1816\"><p data-start=\"1779\" data-end=\"1816\">Personalizar a experi\u00eancia do usu\u00e1rio<\/p><\/li><\/ul><p data-start=\"1818\" data-end=\"1907\">Em alguns casos, cookies podem ser essenciais para manter certas funcionalidades do site.<\/p><h4 data-start=\"1909\" data-end=\"1931\">Desativar Cookies<\/h4><p data-start=\"1932\" data-end=\"2052\">Voc\u00ea pode desativar cookies nas configura\u00e7\u00f5es do seu navegador.<br data-start=\"1995\" data-end=\"1998\" \/>Entretanto, isso pode afetar a funcionalidade do site.<\/p><h4 data-start=\"2054\" data-end=\"2079\">Cookies de Terceiros<\/h4><p data-start=\"2080\" data-end=\"2313\">Este site pode utilizar ferramentas de an\u00e1lise, como <strong data-start=\"2133\" data-end=\"2153\">Google Analytics<\/strong>, para compreender o uso da plataforma e aprimorar a experi\u00eancia do usu\u00e1rio.<br data-start=\"2229\" data-end=\"2232\" \/>Voc\u00ea pode consultar a pol\u00edtica do Google Analytics diretamente no site da Google.<\/p>\t\t\t\t\t\t\t\t<\/div>\n\t\t\t\t<div class=\"elementor-element elementor-element-3a12d18 elementor-widget elementor-widget-heading\" data-id=\"3a12d18\" data-element_type=\"widget\" data-widget_type=\"heading.default\">\n\t\t\t\t\t<h2 class=\"elementor-heading-title elementor-size-default\">\ud83e\udd1d Compromisso do Usu\u00e1rio<\/h2>\t\t\t\t<\/div>\n\t\t\t\t<div class=\"elementor-element elementor-element-3c76b4c elementor-widget elementor-widget-text-editor\" data-id=\"3c76b4c\" data-element_type=\"widget\" data-widget_type=\"text-editor.default\">\n\t\t\t\t\t\t\t\t\t<p data-start=\"2355\" data-end=\"2410\">Ao utilizar o <strong data-start=\"2369\" data-end=\"2391\">clinicadaaz.com.br<\/strong>, voc\u00ea concorda em:<\/p><p data-start=\"2412\" data-end=\"2692\">A) N\u00e3o praticar a\u00e7\u00f5es ilegais ou que contrariem normas \u00e9ticas e de respeito.<br data-start=\"2488\" data-end=\"2491\" \/>B) N\u00e3o divulgar conte\u00fado discriminat\u00f3rio, ofensivo ou que viole direitos humanos.<br data-start=\"2572\" data-end=\"2575\" \/>C) N\u00e3o tentar comprometer a seguran\u00e7a do site ou sistemas de terceiros, nem disseminar v\u00edrus ou softwares maliciosos.<\/p>\t\t\t\t\t\t\t\t<\/div>\n\t\t\t\t<div class=\"elementor-element elementor-element-5eb633d elementor-widget elementor-widget-heading\" data-id=\"5eb633d\" data-element_type=\"widget\" data-widget_type=\"heading.default\">\n\t\t\t\t\t<h2 class=\"elementor-heading-title elementor-size-default\">\ud83d\udcc5 Vig\u00eancia da Pol\u00edtica<\/h2>\t\t\t\t<\/div>\n\t\t\t\t<div class=\"elementor-element elementor-element-19e85c1 elementor-widget elementor-widget-text-editor\" data-id=\"19e85c1\" data-element_type=\"widget\" data-widget_type=\"text-editor.default\">\n\t\t\t\t\t\t\t\t\t<ul><li data-start=\"717\" data-end=\"797\"><p data-start=\"719\" data-end=\"797\">Esta pol\u00edtica entra em vigor a partir de <strong data-start=\"2768\" data-end=\"2785\">Novembro\/2025.<\/strong><\/p><\/li><\/ul>\t\t\t\t\t\t\t\t<\/div>\n\t\t\t\t<div class=\"elementor-element elementor-element-24a2413 elementor-widget elementor-widget-image\" data-id=\"24a2413\" data-element_type=\"widget\" data-widget_type=\"image.default\">\n\t\t\t\t\t\t\t\t\t\t\t\t\t\t\t<img decoding=\"async\" width=\"1024\" height=\"684\" src=\"https:\/\/clinicadaaz.com.br\/wp-content\/uploads\/2025\/11\/dazz-lo-1024x684.jpg\" class=\"attachment-large size-large wp-image-199\" alt=\"\" srcset=\"https:\/\/clinicadaaz.com.br\/wp-content\/uploads\/2025\/11\/dazz-lo-1024x684.jpg 1024w, https:\/\/clinicadaaz.com.br\/wp-content\/uploads\/2025\/11\/dazz-lo-300x200.jpg 300w, https:\/\/clinicadaaz.com.br\/wp-content\/uploads\/2025\/11\/dazz-lo-768x513.jpg 768w, https:\/\/clinicadaaz.com.br\/wp-content\/uploads\/2025\/11\/dazz-lo.jpg 1060w\" sizes=\"(max-width: 1024px) 100vw, 1024px\" \/>\t\t\t\t\t\t\t\t\t\t\t\t\t\t\t<\/div>\n\t\t\t\t\t<\/div>\n\t\t\t\t<\/div>\n\t\t<div class=\"elementor-element elementor-element-164dc18 e-flex e-con-boxed e-con e-parent\" data-id=\"164dc18\" data-element_type=\"container\">\n\t\t\t\t\t<div class=\"e-con-inner\">\n\t\t\t\t<div class=\"elementor-element elementor-element-3418de9 elementor-widget elementor-widget-text-editor\" data-id=\"3418de9\" data-element_type=\"widget\" data-widget_type=\"text-editor.default\">\n\t\t\t\t\t\t\t\t\t<p><span class=\"wixui-rich-text__text\">ATEN\u00c7\u00c3O: Esse site n\u00e3o oferece tratamento ou aconselhamento imediato para pessoas em crise suicida.\u00a0<\/span><span class=\"wixui-rich-text__text\">Em caso de crise, ligue para\u00a0<a class=\"wixui-rich-text__text\" href=\"tel:188\">188 (CVV)<\/a>\u00a0ou acesse o site\u00a0<a class=\"wixui-rich-text__text\" href=\"https:\/\/www.cvv.org.br\/\" target=\"_blank\" rel=\"noreferrer noopener\">www.cvv.org.br<\/a>\u00a0.\u00a0<\/span><span class=\"wixui-rich-text__text\">Em caso de emerg\u00eancia, procure atendimento no hospital mais pr\u00f3ximo.<\/span><\/p>\t\t\t\t\t\t\t\t<\/div>\n\t\t\t\t\t<\/div>\n\t\t\t\t<\/div>\n\t\t\t\t<\/div>\n\t\t","protected":false},"excerpt":{"rendered":"<p>Pol\u00edtica de Privacidade \u2014 Cl\u00ednica Daaz A sua privacidade \u00e9 importante para n\u00f3s. \u00c9 pol\u00edtica do clinicadaaz.com.br respeitar e proteger qualquer informa\u00e7\u00e3o pessoal que voc\u00ea venha a nos fornecer durante o uso de nossos servi\u00e7os e de nosso site. Solicitamos informa\u00e7\u00f5es pessoais apenas quando necess\u00e1rio para oferecer um atendimento adequado. Todos os dados s\u00e3o coletados [&hellip;]<\/p>\n","protected":false},"author":1,"featured_media":0,"parent":0,"menu_order":0,"comment_status":"closed","ping_status":"closed","template":"","meta":{"_acf_changed":false,"footnotes":""},"class_list":["post-197","page","type-page","status-publish","hentry","entry"],"acf":[],"yoast_head":"<!-- This site is optimized with the Yoast SEO plugin v26.3 - https:\/\/yoast.com\/wordpress\/plugins\/seo\/ -->\n<title>Pol\u00edtica de Privacidade - Cl\u00ednica Daaz<\/title>\n<meta name=\"robots\" content=\"index, follow, max-snippet:-1, max-image-preview:large, max-video-preview:-1\" \/>\n<link rel=\"canonical\" href=\"https:\/\/clinicadaaz.com.br\/?page_id=197\" \/>\n<meta property=\"og:locale\" content=\"pt_BR\" \/>\n<meta property=\"og:type\" content=\"article\" \/>\n<meta property=\"og:title\" content=\"Pol\u00edtica de Privacidade - Cl\u00ednica Daaz\" \/>\n<meta property=\"og:description\" content=\"Pol\u00edtica de Privacidade \u2014 Cl\u00ednica Daaz A sua privacidade \u00e9 importante para n\u00f3s. \u00c9 pol\u00edtica do clinicadaaz.com.br respeitar e proteger qualquer informa\u00e7\u00e3o pessoal que voc\u00ea venha a nos fornecer durante o uso de nossos servi\u00e7os e de nosso site. Solicitamos informa\u00e7\u00f5es pessoais apenas quando necess\u00e1rio para oferecer um atendimento adequado. Todos os dados s\u00e3o coletados [&hellip;]\" \/>\n<meta property=\"og:url\" content=\"https:\/\/clinicadaaz.com.br\/?page_id=197\" \/>\n<meta property=\"og:site_name\" content=\"Cl\u00ednica Daaz\" \/>\n<meta property=\"article:modified_time\" content=\"2025-11-05T12:29:02+00:00\" \/>\n<meta property=\"og:image\" content=\"https:\/\/clinicadaaz.com.br\/wp-content\/uploads\/2025\/11\/daaz-clinica-baner-final.png\" \/>\n\t<meta property=\"og:image:width\" content=\"1001\" \/>\n\t<meta property=\"og:image:height\" content=\"288\" \/>\n\t<meta property=\"og:image:type\" content=\"image\/png\" \/>\n<meta name=\"twitter:card\" content=\"summary_large_image\" \/>\n<meta name=\"twitter:label1\" content=\"Est. tempo de leitura\" \/>\n\t<meta name=\"twitter:data1\" content=\"3 minutos\" \/>\n<script type=\"application\/ld+json\" class=\"yoast-schema-graph\">{\"@context\":\"https:\/\/schema.org\",\"@graph\":[{\"@type\":\"WebPage\",\"@id\":\"https:\/\/clinicadaaz.com.br\/?page_id=197\",\"url\":\"https:\/\/clinicadaaz.com.br\/?page_id=197\",\"name\":\"Pol\u00edtica de Privacidade - Cl\u00ednica Daaz\",\"isPartOf\":{\"@id\":\"https:\/\/clinicadaaz.com.br\/#website\"},\"primaryImageOfPage\":{\"@id\":\"https:\/\/clinicadaaz.com.br\/?page_id=197#primaryimage\"},\"image\":{\"@id\":\"https:\/\/clinicadaaz.com.br\/?page_id=197#primaryimage\"},\"thumbnailUrl\":\"https:\/\/clinicadaaz.com.br\/wp-content\/uploads\/2025\/11\/daaz-clinica-baner-final.png\",\"datePublished\":\"2025-11-05T12:26:17+00:00\",\"dateModified\":\"2025-11-05T12:29:02+00:00\",\"breadcrumb\":{\"@id\":\"https:\/\/clinicadaaz.com.br\/?page_id=197#breadcrumb\"},\"inLanguage\":\"pt-BR\",\"potentialAction\":[{\"@type\":\"ReadAction\",\"target\":[\"https:\/\/clinicadaaz.com.br\/?page_id=197\"]}]},{\"@type\":\"ImageObject\",\"inLanguage\":\"pt-BR\",\"@id\":\"https:\/\/clinicadaaz.com.br\/?page_id=197#primaryimage\",\"url\":\"https:\/\/clinicadaaz.com.br\/wp-content\/uploads\/2025\/11\/daaz-clinica-baner-final.png\",\"contentUrl\":\"https:\/\/clinicadaaz.com.br\/wp-content\/uploads\/2025\/11\/daaz-clinica-baner-final.png\",\"width\":1001,\"height\":288},{\"@type\":\"BreadcrumbList\",\"@id\":\"https:\/\/clinicadaaz.com.br\/?page_id=197#breadcrumb\",\"itemListElement\":[{\"@type\":\"ListItem\",\"position\":1,\"name\":\"In\u00edcio\",\"item\":\"https:\/\/clinicadaaz.com.br\/\"},{\"@type\":\"ListItem\",\"position\":2,\"name\":\"Pol\u00edtica de Privacidade\"}]},{\"@type\":\"WebSite\",\"@id\":\"https:\/\/clinicadaaz.com.br\/#website\",\"url\":\"https:\/\/clinicadaaz.com.br\/\",\"name\":\"Cl\u00ednica Daaz\",\"description\":\"\",\"publisher\":{\"@id\":\"https:\/\/clinicadaaz.com.br\/#organization\"},\"potentialAction\":[{\"@type\":\"SearchAction\",\"target\":{\"@type\":\"EntryPoint\",\"urlTemplate\":\"https:\/\/clinicadaaz.com.br\/?s={search_term_string}\"},\"query-input\":{\"@type\":\"PropertyValueSpecification\",\"valueRequired\":true,\"valueName\":\"search_term_string\"}}],\"inLanguage\":\"pt-BR\"},{\"@type\":\"Organization\",\"@id\":\"https:\/\/clinicadaaz.com.br\/#organization\",\"name\":\"Cl\u00ednica Daaz\",\"url\":\"https:\/\/clinicadaaz.com.br\/\",\"logo\":{\"@type\":\"ImageObject\",\"inLanguage\":\"pt-BR\",\"@id\":\"https:\/\/clinicadaaz.com.br\/#\/schema\/logo\/image\/\",\"url\":\"https:\/\/clinicadaaz.com.br\/wp-content\/uploads\/2025\/11\/cropped-DAAZZLOGO.png\",\"contentUrl\":\"https:\/\/clinicadaaz.com.br\/wp-content\/uploads\/2025\/11\/cropped-DAAZZLOGO.png\",\"width\":370,\"height\":126,\"caption\":\"Cl\u00ednica Daaz\"},\"image\":{\"@id\":\"https:\/\/clinicadaaz.com.br\/#\/schema\/logo\/image\/\"}}]}<\/script>\n<!-- \/ Yoast SEO plugin. -->","yoast_head_json":{"title":"Pol\u00edtica de Privacidade - Cl\u00ednica Daaz","robots":{"index":"index","follow":"follow","max-snippet":"max-snippet:-1","max-image-preview":"max-image-preview:large","max-video-preview":"max-video-preview:-1"},"canonical":"https:\/\/clinicadaaz.com.br\/?page_id=197","og_locale":"pt_BR","og_type":"article","og_title":"Pol\u00edtica de Privacidade - Cl\u00ednica Daaz","og_description":"Pol\u00edtica de Privacidade \u2014 Cl\u00ednica Daaz A sua privacidade \u00e9 importante para n\u00f3s. \u00c9 pol\u00edtica do clinicadaaz.com.br respeitar e proteger qualquer informa\u00e7\u00e3o pessoal que voc\u00ea venha a nos fornecer durante o uso de nossos servi\u00e7os e de nosso site. Solicitamos informa\u00e7\u00f5es pessoais apenas quando necess\u00e1rio para oferecer um atendimento adequado. Todos os dados s\u00e3o coletados [&hellip;]","og_url":"https:\/\/clinicadaaz.com.br\/?page_id=197","og_site_name":"Cl\u00ednica Daaz","article_modified_time":"2025-11-05T12:29:02+00:00","og_image":[{"width":1001,"height":288,"url":"https:\/\/clinicadaaz.com.br\/wp-content\/uploads\/2025\/11\/daaz-clinica-baner-final.png","type":"image\/png"}],"twitter_card":"summary_large_image","twitter_misc":{"Est. tempo de leitura":"3 minutos"},"schema":{"@context":"https:\/\/schema.org","@graph":[{"@type":"WebPage","@id":"https:\/\/clinicadaaz.com.br\/?page_id=197","url":"https:\/\/clinicadaaz.com.br\/?page_id=197","name":"Pol\u00edtica de Privacidade - Cl\u00ednica Daaz","isPartOf":{"@id":"https:\/\/clinicadaaz.com.br\/#website"},"primaryImageOfPage":{"@id":"https:\/\/clinicadaaz.com.br\/?page_id=197#primaryimage"},"image":{"@id":"https:\/\/clinicadaaz.com.br\/?page_id=197#primaryimage"},"thumbnailUrl":"https:\/\/clinicadaaz.com.br\/wp-content\/uploads\/2025\/11\/daaz-clinica-baner-final.png","datePublished":"2025-11-05T12:26:17+00:00","dateModified":"2025-11-05T12:29:02+00:00","breadcrumb":{"@id":"https:\/\/clinicadaaz.com.br\/?page_id=197#breadcrumb"},"inLanguage":"pt-BR","potentialAction":[{"@type":"ReadAction","target":["https:\/\/clinicadaaz.com.br\/?page_id=197"]}]},{"@type":"ImageObject","inLanguage":"pt-BR","@id":"https:\/\/clinicadaaz.com.br\/?page_id=197#primaryimage","url":"https:\/\/clinicadaaz.com.br\/wp-content\/uploads\/2025\/11\/daaz-clinica-baner-final.png","contentUrl":"https:\/\/clinicadaaz.com.br\/wp-content\/uploads\/2025\/11\/daaz-clinica-baner-final.png","width":1001,"height":288},{"@type":"BreadcrumbList","@id":"https:\/\/clinicadaaz.com.br\/?page_id=197#breadcrumb","itemListElement":[{"@type":"ListItem","position":1,"name":"In\u00edcio","item":"https:\/\/clinicadaaz.com.br\/"},{"@type":"ListItem","position":2,"name":"Pol\u00edtica de Privacidade"}]},{"@type":"WebSite","@id":"https:\/\/clinicadaaz.com.br\/#website","url":"https:\/\/clinicadaaz.com.br\/","name":"Cl\u00ednica Daaz","description":"","publisher":{"@id":"https:\/\/clinicadaaz.com.br\/#organization"},"potentialAction":[{"@type":"SearchAction","target":{"@type":"EntryPoint","urlTemplate":"https:\/\/clinicadaaz.com.br\/?s={search_term_string}"},"query-input":{"@type":"PropertyValueSpecification","valueRequired":true,"valueName":"search_term_string"}}],"inLanguage":"pt-BR"},{"@type":"Organization","@id":"https:\/\/clinicadaaz.com.br\/#organization","name":"Cl\u00ednica Daaz","url":"https:\/\/clinicadaaz.com.br\/","logo":{"@type":"ImageObject","inLanguage":"pt-BR","@id":"https:\/\/clinicadaaz.com.br\/#\/schema\/logo\/image\/","url":"https:\/\/clinicadaaz.com.br\/wp-content\/uploads\/2025\/11\/cropped-DAAZZLOGO.png","contentUrl":"https:\/\/clinicadaaz.com.br\/wp-content\/uploads\/2025\/11\/cropped-DAAZZLOGO.png","width":370,"height":126,"caption":"Cl\u00ednica Daaz"},"image":{"@id":"https:\/\/clinicadaaz.com.br\/#\/schema\/logo\/image\/"}}]}},"_links":{"self":[{"href":"https:\/\/clinicadaaz.com.br\/index.php?rest_route=\/wp\/v2\/pages\/197","targetHints":{"allow":["GET"]}}],"collection":[{"href":"https:\/\/clinicadaaz.com.br\/index.php?rest_route=\/wp\/v2\/pages"}],"about":[{"href":"https:\/\/clinicadaaz.com.br\/index.php?rest_route=\/wp\/v2\/types\/page"}],"author":[{"embeddable":true,"href":"https:\/\/clinicadaaz.com.br\/index.php?rest_route=\/wp\/v2\/users\/1"}],"replies":[{"embeddable":true,"href":"https:\/\/clinicadaaz.com.br\/index.php?rest_route=%2Fwp%2Fv2%2Fcomments&post=197"}],"version-history":[{"count":4,"href":"https:\/\/clinicadaaz.com.br\/index.php?rest_route=\/wp\/v2\/pages\/197\/revisions"}],"predecessor-version":[{"id":202,"href":"https:\/\/clinicadaaz.com.br\/index.php?rest_route=\/wp\/v2\/pages\/197\/revisions\/202"}],"wp:attachment":[{"href":"https:\/\/clinicadaaz.com.br\/index.php?rest_route=%2Fwp%2Fv2%2Fmedia&parent=197"}],"curies":[{"name":"wp","href":"https:\/\/api.w.org\/{rel}","templated":true}]}}