{"id":203,"date":"2025-11-05T09:29:58","date_gmt":"2025-11-05T12:29:58","guid":{"rendered":"https:\/\/clinicadaaz.com.br\/?page_id=203"},"modified":"2025-11-05T09:33:35","modified_gmt":"2025-11-05T12:33:35","slug":"home-2-2","status":"publish","type":"page","link":"https:\/\/clinicadaaz.com.br\/?page_id=203","title":{"rendered":"Sou Psic\u00f3logo(a)"},"content":{"rendered":"\t\t<div data-elementor-type=\"wp-page\" data-elementor-id=\"203\" class=\"elementor elementor-203\">\n\t\t\t\t<div class=\"elementor-element elementor-element-7ca83b2 e-flex e-con-boxed e-con e-parent\" data-id=\"7ca83b2\" data-element_type=\"container\" data-settings=\"{&quot;background_background&quot;:&quot;classic&quot;}\">\n\t\t\t\t\t<div class=\"e-con-inner\">\n\t\t\t\t<div class=\"elementor-element elementor-element-3fbac7e elementor-widget elementor-widget-image\" data-id=\"3fbac7e\" data-element_type=\"widget\" data-widget_type=\"image.default\">\n\t\t\t\t\t\t\t\t\t\t\t\t\t\t\t<img fetchpriority=\"high\" decoding=\"async\" width=\"1001\" height=\"288\" src=\"https:\/\/clinicadaaz.com.br\/wp-content\/uploads\/2025\/11\/daaz-clinica-baner-final.png\" class=\"attachment-large size-large wp-image-167\" alt=\"\" srcset=\"https:\/\/clinicadaaz.com.br\/wp-content\/uploads\/2025\/11\/daaz-clinica-baner-final.png 1001w, https:\/\/clinicadaaz.com.br\/wp-content\/uploads\/2025\/11\/daaz-clinica-baner-final-300x86.png 300w, https:\/\/clinicadaaz.com.br\/wp-content\/uploads\/2025\/11\/daaz-clinica-baner-final-768x221.png 768w\" sizes=\"(max-width: 1001px) 100vw, 1001px\" \/>\t\t\t\t\t\t\t\t\t\t\t\t\t\t\t<\/div>\n\t\t\t\t\t<\/div>\n\t\t\t\t<\/div>\n\t\t<div class=\"elementor-element elementor-element-d0eaf3d e-flex e-con-boxed e-con e-parent\" data-id=\"d0eaf3d\" data-element_type=\"container\">\n\t\t\t\t\t<div class=\"e-con-inner\">\n\t\t\t\t<div class=\"elementor-element elementor-element-551547e elementor-widget-divider--view-line elementor-widget elementor-widget-divider\" data-id=\"551547e\" data-element_type=\"widget\" data-widget_type=\"divider.default\">\n\t\t\t\t\t\t\t<div class=\"elementor-divider\">\n\t\t\t<span class=\"elementor-divider-separator\">\n\t\t\t\t\t\t<\/span>\n\t\t<\/div>\n\t\t\t\t\t\t<\/div>\n\t\t\t\t\t<\/div>\n\t\t\t\t<\/div>\n\t\t<div class=\"elementor-element elementor-element-8e35042 e-flex e-con-boxed e-con e-parent\" data-id=\"8e35042\" data-element_type=\"container\">\n\t\t\t\t\t<div class=\"e-con-inner\">\n\t\t\t\t<div class=\"elementor-element elementor-element-5644d4c elementor-widget elementor-widget-heading\" data-id=\"5644d4c\" data-element_type=\"widget\" data-widget_type=\"heading.default\">\n\t\t\t\t\t<h2 class=\"elementor-heading-title elementor-size-default\">Venha Fazer Parte da Nossa Equipe<\/h2>\t\t\t\t<\/div>\n\t\t\t\t<div class=\"elementor-element elementor-element-d631bb3 elementor-widget elementor-widget-text-editor\" data-id=\"d631bb3\" data-element_type=\"widget\" data-widget_type=\"text-editor.default\">\n\t\t\t\t\t\t\t\t\t<h4 class=\"font_4 wixui-rich-text__text\"><span class=\"wixui-rich-text__text\">Cansado (a) de buscar por vagas de trabalho dignas?<br class=\"wixui-rich-text__text\" \/>Procurando por valoriza\u00e7\u00e3o profissional?\u00a0<br class=\"wixui-rich-text__text\" \/>Seja nosso parceiro!\u00a0<\/span><\/h4>\t\t\t\t\t\t\t\t<\/div>\n\t\t\t\t<div class=\"elementor-element elementor-element-6db544a elementor-widget-divider--view-line elementor-widget elementor-widget-divider\" data-id=\"6db544a\" data-element_type=\"widget\" data-widget_type=\"divider.default\">\n\t\t\t\t\t\t\t<div class=\"elementor-divider\">\n\t\t\t<span class=\"elementor-divider-separator\">\n\t\t\t\t\t\t<\/span>\n\t\t<\/div>\n\t\t\t\t\t\t<\/div>\n\t\t\t\t\t<\/div>\n\t\t\t\t<\/div>\n\t\t<div class=\"elementor-element elementor-element-4d32054 e-flex e-con-boxed e-con e-parent\" data-id=\"4d32054\" data-element_type=\"container\">\n\t\t\t\t\t<div class=\"e-con-inner\">\n\t\t\t\t<div class=\"elementor-element elementor-element-9a1d0ef elementor-widget elementor-widget-text-editor\" data-id=\"9a1d0ef\" data-element_type=\"widget\" data-widget_type=\"text-editor.default\">\n\t\t\t\t\t\t\t\t\t<p data-start=\"244\" data-end=\"532\"><strong data-start=\"244\" data-end=\"296\">Seja um Psic\u00f3logo(a) Parceiro(a) da Cl\u00ednica Daaz<\/strong><br data-start=\"296\" data-end=\"299\" \/>Estamos construindo uma rede de profissionais comprometidos com o cuidado humano, a \u00e9tica e o acolhimento.<br data-start=\"405\" data-end=\"408\" \/>Se voc\u00ea \u00e9 psic\u00f3logo(a) e acredita na import\u00e2ncia de tornar a terapia acess\u00edvel e pr\u00f3xima das pessoas, queremos voc\u00ea conosco.<\/p><p data-start=\"534\" data-end=\"581\">Ao se cadastrar na <strong data-start=\"553\" data-end=\"569\">Cl\u00ednica Daaz<\/strong>, voc\u00ea ter\u00e1:<\/p><ul data-start=\"583\" data-end=\"901\"><li data-start=\"583\" data-end=\"650\"><p data-start=\"585\" data-end=\"650\"><strong data-start=\"585\" data-end=\"601\">Visibilidade<\/strong> para novos pacientes atrav\u00e9s da nossa plataforma<\/p><\/li><li data-start=\"651\" data-end=\"701\"><p data-start=\"653\" data-end=\"701\"><strong data-start=\"653\" data-end=\"667\">Divulga\u00e7\u00e3o<\/strong> em campanhas de marketing digital<\/p><\/li><li data-start=\"702\" data-end=\"772\"><p data-start=\"704\" data-end=\"772\"><strong data-start=\"704\" data-end=\"726\">Agendamento direto<\/strong> e sem intermedi\u00e1rios (paciente fala com voc\u00ea)<\/p><\/li><li data-start=\"773\" data-end=\"841\"><p data-start=\"775\" data-end=\"841\"><strong data-start=\"775\" data-end=\"794\">Autonomia total<\/strong> sobre valores, hor\u00e1rios e conduta profissional<\/p><\/li><li data-start=\"842\" data-end=\"901\"><p data-start=\"844\" data-end=\"901\"><strong data-start=\"844\" data-end=\"859\">Valoriza\u00e7\u00e3o<\/strong> do seu trabalho e da sua hist\u00f3ria cl\u00ednica<\/p><\/li><\/ul><p data-start=\"903\" data-end=\"1067\">Aqui, o seu v\u00ednculo \u00e9 <strong data-start=\"925\" data-end=\"934\">livre<\/strong>:<br data-start=\"935\" data-end=\"938\" \/>Voc\u00ea mant\u00e9m seu pr\u00f3prio m\u00e9todo, abordagem, agenda e honor\u00e1rios.<br data-start=\"1001\" data-end=\"1004\" \/>N\u00f3s apenas abrimos portas para que mais pessoas encontrem voc\u00ea.<\/p><p data-start=\"1069\" data-end=\"1184\">Se voc\u00ea compartilha da nossa miss\u00e3o de tornar o cuidado psicol\u00f3gico mais acess\u00edvel, ficaremos felizes em conversar.<\/p>\t\t\t\t\t\t\t\t<\/div>\n\t\t\t\t<div class=\"elementor-element elementor-element-9d63631 elementor-widget elementor-widget-text-editor\" data-id=\"9d63631\" data-element_type=\"widget\" data-widget_type=\"text-editor.default\">\n\t\t\t\t\t\t\t\t\t<p data-start=\"1217\" data-end=\"1285\"><strong data-start=\"1217\" data-end=\"1285\">Clique abaixo e fale com nossa equipe para iniciar seu cadastro:<\/strong><\/p>\t\t\t\t\t\t\t\t<\/div>\n\t\t\t\t<div class=\"elementor-element elementor-element-404453b elementor-widget elementor-widget-button\" data-id=\"404453b\" data-element_type=\"widget\" data-widget_type=\"button.default\">\n\t\t\t\t\t\t\t\t\t\t<a class=\"elementor-button elementor-button-link elementor-size-sm\" href=\"http:\/\/wa.me\/5585920047230\">\n\t\t\t\t\t\t<span class=\"elementor-button-content-wrapper\">\n\t\t\t\t\t\t<span class=\"elementor-button-icon\">\n\t\t\t\t<svg aria-hidden=\"true\" class=\"e-font-icon-svg e-fab-whatsapp\" viewBox=\"0 0 448 512\" xmlns=\"http:\/\/www.w3.org\/2000\/svg\"><path d=\"M380.9 97.1C339 55.1 283.2 32 223.9 32c-122.4 0-222 99.6-222 222 0 39.1 10.2 77.3 29.6 111L0 480l117.7-30.9c32.4 17.7 68.9 27 106.1 27h.1c122.3 0 224.1-99.6 224.1-222 0-59.3-25.2-115-67.1-157zm-157 341.6c-33.2 0-65.7-8.9-94-25.7l-6.7-4-69.8 18.3L72 359.2l-4.4-7c-18.5-29.4-28.2-63.3-28.2-98.2 0-101.7 82.8-184.5 184.6-184.5 49.3 0 95.6 19.2 130.4 54.1 34.8 34.9 56.2 81.2 56.1 130.5 0 101.8-84.9 184.6-186.6 184.6zm101.2-138.2c-5.5-2.8-32.8-16.2-37.9-18-5.1-1.9-8.8-2.8-12.5 2.8-3.7 5.6-14.3 18-17.6 21.8-3.2 3.7-6.5 4.2-12 1.4-32.6-16.3-54-29.1-75.5-66-5.7-9.8 5.7-9.1 16.3-30.3 1.8-3.7.9-6.9-.5-9.7-1.4-2.8-12.5-30.1-17.1-41.2-4.5-10.8-9.1-9.3-12.5-9.5-3.2-.2-6.9-.2-10.6-.2-3.7 0-9.7 1.4-14.8 6.9-5.1 5.6-19.4 19-19.4 46.3 0 27.3 19.9 53.7 22.6 57.4 2.8 3.7 39.1 59.7 94.8 83.8 35.2 15.2 49 16.5 66.6 13.9 10.7-1.6 32.8-13.4 37.4-26.4 4.6-13 4.6-24.1 3.2-26.4-1.3-2.5-5-3.9-10.5-6.6z\"><\/path><\/svg>\t\t\t<\/span>\n\t\t\t\t\t\t\t\t\t<span class=\"elementor-button-text\">Clique aqui<\/span>\n\t\t\t\t\t<\/span>\n\t\t\t\t\t<\/a>\n\t\t\t\t\t\t\t\t<\/div>\n\t\t\t\t\t<\/div>\n\t\t\t\t<\/div>\n\t\t\t\t<\/div>\n\t\t","protected":false},"excerpt":{"rendered":"<p>Venha Fazer Parte da Nossa Equipe Cansado (a) de buscar por vagas de trabalho dignas?Procurando por valoriza\u00e7\u00e3o profissional?\u00a0Seja nosso parceiro!\u00a0 Seja um Psic\u00f3logo(a) Parceiro(a) da Cl\u00ednica DaazEstamos construindo uma rede de profissionais comprometidos com o cuidado humano, a \u00e9tica e o acolhimento.Se voc\u00ea \u00e9 psic\u00f3logo(a) e acredita na import\u00e2ncia de tornar a terapia acess\u00edvel e [&hellip;]<\/p>\n","protected":false},"author":1,"featured_media":0,"parent":0,"menu_order":0,"comment_status":"closed","ping_status":"closed","template":"","meta":{"_acf_changed":false,"footnotes":""},"class_list":["post-203","page","type-page","status-publish","hentry","entry"],"acf":[],"yoast_head":"<!-- This site is optimized with the Yoast SEO plugin v26.3 - https:\/\/yoast.com\/wordpress\/plugins\/seo\/ -->\n<title>Sou Psic\u00f3logo(a) - Cl\u00ednica Daaz<\/title>\n<meta name=\"robots\" content=\"index, follow, max-snippet:-1, max-image-preview:large, max-video-preview:-1\" \/>\n<link rel=\"canonical\" href=\"https:\/\/clinicadaaz.com.br\/?page_id=203\" \/>\n<meta property=\"og:locale\" content=\"pt_BR\" \/>\n<meta property=\"og:type\" content=\"article\" \/>\n<meta property=\"og:title\" content=\"Sou Psic\u00f3logo(a) - Cl\u00ednica Daaz\" \/>\n<meta property=\"og:description\" content=\"Venha Fazer Parte da Nossa Equipe Cansado (a) de buscar por vagas de trabalho dignas?Procurando por valoriza\u00e7\u00e3o profissional?\u00a0Seja nosso parceiro!\u00a0 Seja um Psic\u00f3logo(a) Parceiro(a) da Cl\u00ednica DaazEstamos construindo uma rede de profissionais comprometidos com o cuidado humano, a \u00e9tica e o acolhimento.Se voc\u00ea \u00e9 psic\u00f3logo(a) e acredita na import\u00e2ncia de tornar a terapia acess\u00edvel e [&hellip;]\" \/>\n<meta property=\"og:url\" content=\"https:\/\/clinicadaaz.com.br\/?page_id=203\" \/>\n<meta property=\"og:site_name\" content=\"Cl\u00ednica Daaz\" \/>\n<meta property=\"article:modified_time\" content=\"2025-11-05T12:33:35+00:00\" \/>\n<meta property=\"og:image\" content=\"https:\/\/clinicadaaz.com.br\/wp-content\/uploads\/2025\/11\/daaz-clinica-baner-final.png\" \/>\n\t<meta property=\"og:image:width\" content=\"1001\" \/>\n\t<meta property=\"og:image:height\" content=\"288\" \/>\n\t<meta property=\"og:image:type\" content=\"image\/png\" \/>\n<meta name=\"twitter:card\" content=\"summary_large_image\" \/>\n<meta name=\"twitter:label1\" content=\"Est. tempo de leitura\" \/>\n\t<meta name=\"twitter:data1\" content=\"1 minuto\" \/>\n<script type=\"application\/ld+json\" class=\"yoast-schema-graph\">{\"@context\":\"https:\/\/schema.org\",\"@graph\":[{\"@type\":\"WebPage\",\"@id\":\"https:\/\/clinicadaaz.com.br\/?page_id=203\",\"url\":\"https:\/\/clinicadaaz.com.br\/?page_id=203\",\"name\":\"Sou Psic\u00f3logo(a) - Cl\u00ednica Daaz\",\"isPartOf\":{\"@id\":\"https:\/\/clinicadaaz.com.br\/#website\"},\"primaryImageOfPage\":{\"@id\":\"https:\/\/clinicadaaz.com.br\/?page_id=203#primaryimage\"},\"image\":{\"@id\":\"https:\/\/clinicadaaz.com.br\/?page_id=203#primaryimage\"},\"thumbnailUrl\":\"https:\/\/clinicadaaz.com.br\/wp-content\/uploads\/2025\/11\/daaz-clinica-baner-final.png\",\"datePublished\":\"2025-11-05T12:29:58+00:00\",\"dateModified\":\"2025-11-05T12:33:35+00:00\",\"breadcrumb\":{\"@id\":\"https:\/\/clinicadaaz.com.br\/?page_id=203#breadcrumb\"},\"inLanguage\":\"pt-BR\",\"potentialAction\":[{\"@type\":\"ReadAction\",\"target\":[\"https:\/\/clinicadaaz.com.br\/?page_id=203\"]}]},{\"@type\":\"ImageObject\",\"inLanguage\":\"pt-BR\",\"@id\":\"https:\/\/clinicadaaz.com.br\/?page_id=203#primaryimage\",\"url\":\"https:\/\/clinicadaaz.com.br\/wp-content\/uploads\/2025\/11\/daaz-clinica-baner-final.png\",\"contentUrl\":\"https:\/\/clinicadaaz.com.br\/wp-content\/uploads\/2025\/11\/daaz-clinica-baner-final.png\",\"width\":1001,\"height\":288},{\"@type\":\"BreadcrumbList\",\"@id\":\"https:\/\/clinicadaaz.com.br\/?page_id=203#breadcrumb\",\"itemListElement\":[{\"@type\":\"ListItem\",\"position\":1,\"name\":\"In\u00edcio\",\"item\":\"https:\/\/clinicadaaz.com.br\/\"},{\"@type\":\"ListItem\",\"position\":2,\"name\":\"Sou Psic\u00f3logo(a)\"}]},{\"@type\":\"WebSite\",\"@id\":\"https:\/\/clinicadaaz.com.br\/#website\",\"url\":\"https:\/\/clinicadaaz.com.br\/\",\"name\":\"Cl\u00ednica Daaz\",\"description\":\"\",\"publisher\":{\"@id\":\"https:\/\/clinicadaaz.com.br\/#organization\"},\"potentialAction\":[{\"@type\":\"SearchAction\",\"target\":{\"@type\":\"EntryPoint\",\"urlTemplate\":\"https:\/\/clinicadaaz.com.br\/?s={search_term_string}\"},\"query-input\":{\"@type\":\"PropertyValueSpecification\",\"valueRequired\":true,\"valueName\":\"search_term_string\"}}],\"inLanguage\":\"pt-BR\"},{\"@type\":\"Organization\",\"@id\":\"https:\/\/clinicadaaz.com.br\/#organization\",\"name\":\"Cl\u00ednica Daaz\",\"url\":\"https:\/\/clinicadaaz.com.br\/\",\"logo\":{\"@type\":\"ImageObject\",\"inLanguage\":\"pt-BR\",\"@id\":\"https:\/\/clinicadaaz.com.br\/#\/schema\/logo\/image\/\",\"url\":\"https:\/\/clinicadaaz.com.br\/wp-content\/uploads\/2025\/11\/cropped-DAAZZLOGO.png\",\"contentUrl\":\"https:\/\/clinicadaaz.com.br\/wp-content\/uploads\/2025\/11\/cropped-DAAZZLOGO.png\",\"width\":370,\"height\":126,\"caption\":\"Cl\u00ednica Daaz\"},\"image\":{\"@id\":\"https:\/\/clinicadaaz.com.br\/#\/schema\/logo\/image\/\"}}]}<\/script>\n<!-- \/ Yoast SEO plugin. -->","yoast_head_json":{"title":"Sou Psic\u00f3logo(a) - Cl\u00ednica Daaz","robots":{"index":"index","follow":"follow","max-snippet":"max-snippet:-1","max-image-preview":"max-image-preview:large","max-video-preview":"max-video-preview:-1"},"canonical":"https:\/\/clinicadaaz.com.br\/?page_id=203","og_locale":"pt_BR","og_type":"article","og_title":"Sou Psic\u00f3logo(a) - Cl\u00ednica Daaz","og_description":"Venha Fazer Parte da Nossa Equipe Cansado (a) de buscar por vagas de trabalho dignas?Procurando por valoriza\u00e7\u00e3o profissional?\u00a0Seja nosso parceiro!\u00a0 Seja um Psic\u00f3logo(a) Parceiro(a) da Cl\u00ednica DaazEstamos construindo uma rede de profissionais comprometidos com o cuidado humano, a \u00e9tica e o acolhimento.Se voc\u00ea \u00e9 psic\u00f3logo(a) e acredita na import\u00e2ncia de tornar a terapia acess\u00edvel e [&hellip;]","og_url":"https:\/\/clinicadaaz.com.br\/?page_id=203","og_site_name":"Cl\u00ednica Daaz","article_modified_time":"2025-11-05T12:33:35+00:00","og_image":[{"width":1001,"height":288,"url":"https:\/\/clinicadaaz.com.br\/wp-content\/uploads\/2025\/11\/daaz-clinica-baner-final.png","type":"image\/png"}],"twitter_card":"summary_large_image","twitter_misc":{"Est. tempo de leitura":"1 minuto"},"schema":{"@context":"https:\/\/schema.org","@graph":[{"@type":"WebPage","@id":"https:\/\/clinicadaaz.com.br\/?page_id=203","url":"https:\/\/clinicadaaz.com.br\/?page_id=203","name":"Sou Psic\u00f3logo(a) - Cl\u00ednica Daaz","isPartOf":{"@id":"https:\/\/clinicadaaz.com.br\/#website"},"primaryImageOfPage":{"@id":"https:\/\/clinicadaaz.com.br\/?page_id=203#primaryimage"},"image":{"@id":"https:\/\/clinicadaaz.com.br\/?page_id=203#primaryimage"},"thumbnailUrl":"https:\/\/clinicadaaz.com.br\/wp-content\/uploads\/2025\/11\/daaz-clinica-baner-final.png","datePublished":"2025-11-05T12:29:58+00:00","dateModified":"2025-11-05T12:33:35+00:00","breadcrumb":{"@id":"https:\/\/clinicadaaz.com.br\/?page_id=203#breadcrumb"},"inLanguage":"pt-BR","potentialAction":[{"@type":"ReadAction","target":["https:\/\/clinicadaaz.com.br\/?page_id=203"]}]},{"@type":"ImageObject","inLanguage":"pt-BR","@id":"https:\/\/clinicadaaz.com.br\/?page_id=203#primaryimage","url":"https:\/\/clinicadaaz.com.br\/wp-content\/uploads\/2025\/11\/daaz-clinica-baner-final.png","contentUrl":"https:\/\/clinicadaaz.com.br\/wp-content\/uploads\/2025\/11\/daaz-clinica-baner-final.png","width":1001,"height":288},{"@type":"BreadcrumbList","@id":"https:\/\/clinicadaaz.com.br\/?page_id=203#breadcrumb","itemListElement":[{"@type":"ListItem","position":1,"name":"In\u00edcio","item":"https:\/\/clinicadaaz.com.br\/"},{"@type":"ListItem","position":2,"name":"Sou Psic\u00f3logo(a)"}]},{"@type":"WebSite","@id":"https:\/\/clinicadaaz.com.br\/#website","url":"https:\/\/clinicadaaz.com.br\/","name":"Cl\u00ednica Daaz","description":"","publisher":{"@id":"https:\/\/clinicadaaz.com.br\/#organization"},"potentialAction":[{"@type":"SearchAction","target":{"@type":"EntryPoint","urlTemplate":"https:\/\/clinicadaaz.com.br\/?s={search_term_string}"},"query-input":{"@type":"PropertyValueSpecification","valueRequired":true,"valueName":"search_term_string"}}],"inLanguage":"pt-BR"},{"@type":"Organization","@id":"https:\/\/clinicadaaz.com.br\/#organization","name":"Cl\u00ednica Daaz","url":"https:\/\/clinicadaaz.com.br\/","logo":{"@type":"ImageObject","inLanguage":"pt-BR","@id":"https:\/\/clinicadaaz.com.br\/#\/schema\/logo\/image\/","url":"https:\/\/clinicadaaz.com.br\/wp-content\/uploads\/2025\/11\/cropped-DAAZZLOGO.png","contentUrl":"https:\/\/clinicadaaz.com.br\/wp-content\/uploads\/2025\/11\/cropped-DAAZZLOGO.png","width":370,"height":126,"caption":"Cl\u00ednica Daaz"},"image":{"@id":"https:\/\/clinicadaaz.com.br\/#\/schema\/logo\/image\/"}}]}},"_links":{"self":[{"href":"https:\/\/clinicadaaz.com.br\/index.php?rest_route=\/wp\/v2\/pages\/203","targetHints":{"allow":["GET"]}}],"collection":[{"href":"https:\/\/clinicadaaz.com.br\/index.php?rest_route=\/wp\/v2\/pages"}],"about":[{"href":"https:\/\/clinicadaaz.com.br\/index.php?rest_route=\/wp\/v2\/types\/page"}],"author":[{"embeddable":true,"href":"https:\/\/clinicadaaz.com.br\/index.php?rest_route=\/wp\/v2\/users\/1"}],"replies":[{"embeddable":true,"href":"https:\/\/clinicadaaz.com.br\/index.php?rest_route=%2Fwp%2Fv2%2Fcomments&post=203"}],"version-history":[{"count":4,"href":"https:\/\/clinicadaaz.com.br\/index.php?rest_route=\/wp\/v2\/pages\/203\/revisions"}],"predecessor-version":[{"id":208,"href":"https:\/\/clinicadaaz.com.br\/index.php?rest_route=\/wp\/v2\/pages\/203\/revisions\/208"}],"wp:attachment":[{"href":"https:\/\/clinicadaaz.com.br\/index.php?rest_route=%2Fwp%2Fv2%2Fmedia&parent=203"}],"curies":[{"name":"wp","href":"https:\/\/api.w.org\/{rel}","templated":true}]}}